{"id":786,"date":"2018-06-28T01:36:23","date_gmt":"2018-06-28T04:36:23","guid":{"rendered":"https:\/\/ifdmmg-crr.infd.edu.ar\/sitio\/calendario-academico-3\/"},"modified":"2021-06-13T23:43:25","modified_gmt":"2021-06-14T02:43:25","slug":"calendario-academico-3","status":"publish","type":"page","link":"https:\/\/ifdmmg-crr.infd.edu.ar\/sitio\/calendario-academico-3\/","title":{"rendered":"Formaci\u00f3n Continua"},"content":{"rendered":"<h3><img decoding=\"async\" loading=\"lazy\" class=\"alignnone size-medium wp-image-1613 aligncenter\" src=\"https:\/\/ifdmmg-crr.infd.edu.ar\/sitio\/wp-content\/uploads\/2020\/10\/WhatsApp-Image-2020-10-13-at-17.48.42-706x1000.jpeg\" alt=\"\" width=\"706\" height=\"1000\" srcset=\"https:\/\/ifdmmg-crr.infd.edu.ar\/sitio\/wp-content\/uploads\/2020\/10\/WhatsApp-Image-2020-10-13-at-17.48.42-706x1000.jpeg 706w, https:\/\/ifdmmg-crr.infd.edu.ar\/sitio\/wp-content\/uploads\/2020\/10\/WhatsApp-Image-2020-10-13-at-17.48.42-768x1087.jpeg 768w, https:\/\/ifdmmg-crr.infd.edu.ar\/sitio\/wp-content\/uploads\/2020\/10\/WhatsApp-Image-2020-10-13-at-17.48.42.jpeg 904w\" sizes=\"(max-width: 706px) 100vw, 706px\" \/><\/h3>\n<div style=\"width: 100%;\">\n<div style=\"position: relative; padding-bottom: 91.14%; padding-top: 0; height: 0;\"><iframe loading=\"lazy\" style=\"position: absolute; top: 0; left: 0; width: 100%; height: 100%;\" src=\"https:\/\/view.genial.ly\/5f80e473fa48f90d75fd6b03\" width=\"790\" height=\"720\" frameborder=\"0\" scrolling=\"yes\" allowfullscreen=\"allowfullscreen\"><\/iframe><\/div>\n<\/div>\n<p><code><\/code><\/p>\n<div style=\"width: 100%;\">\n<div style=\"position: relative; padding-bottom: 140.47%; padding-top: 0; height: 0;\"><iframe loading=\"lazy\" style=\"position: absolute; top: 0; left: 0; width: 100%; height: 100%;\" src=\"https:\/\/view.genial.ly\/5f7f57aecd6f2b0daa3b67b9\" width=\"892\" height=\"1253\" frameborder=\"0\" scrolling=\"yes\" allowfullscreen=\"allowfullscreen\"><\/iframe><\/div>\n<\/div>\n<h3><\/h3>\n<h3 style=\"text-align: center;\"><a href=\"http:\/\/sima.mec.gob.ar\/inscripcionescursos\/?i=mbJMF4rfUKpoS4bJ%2bnLYYA%3d%3d\">INSCRIPCI\u00d3N AQU\u00cd<\/a><\/h3>\n<h3><img decoding=\"async\" loading=\"lazy\" class=\"alignnone size-medium wp-image-1591 aligncenter\" src=\"https:\/\/ifdmmg-crr.infd.edu.ar\/sitio\/wp-content\/uploads\/2020\/09\/1-707x1000.jpg\" alt=\"\" width=\"707\" height=\"1000\" srcset=\"https:\/\/ifdmmg-crr.infd.edu.ar\/sitio\/wp-content\/uploads\/2020\/09\/1-707x1000.jpg 707w, https:\/\/ifdmmg-crr.infd.edu.ar\/sitio\/wp-content\/uploads\/2020\/09\/1-768x1086.jpg 768w, https:\/\/ifdmmg-crr.infd.edu.ar\/sitio\/wp-content\/uploads\/2020\/09\/1-1343x1900.jpg 1343w, https:\/\/ifdmmg-crr.infd.edu.ar\/sitio\/wp-content\/uploads\/2020\/09\/1.jpg 1414w\" sizes=\"(max-width: 707px) 100vw, 707px\" \/> <img decoding=\"async\" loading=\"lazy\" class=\"alignnone size-medium wp-image-1592 aligncenter\" src=\"https:\/\/ifdmmg-crr.infd.edu.ar\/sitio\/wp-content\/uploads\/2020\/09\/2-707x1000.jpg\" alt=\"\" width=\"707\" height=\"1000\" srcset=\"https:\/\/ifdmmg-crr.infd.edu.ar\/sitio\/wp-content\/uploads\/2020\/09\/2-707x1000.jpg 707w, https:\/\/ifdmmg-crr.infd.edu.ar\/sitio\/wp-content\/uploads\/2020\/09\/2-768x1086.jpg 768w, https:\/\/ifdmmg-crr.infd.edu.ar\/sitio\/wp-content\/uploads\/2020\/09\/2-1343x1900.jpg 1343w, https:\/\/ifdmmg-crr.infd.edu.ar\/sitio\/wp-content\/uploads\/2020\/09\/2.jpg 1414w\" sizes=\"(max-width: 707px) 100vw, 707px\" \/><\/h3>\n<h3 style=\"text-align: center;\">\u00a0<a href=\"http:\/\/sima.mec.gob.ar\/inscripcionescursos\/?i=mbJMF4rfUKpoS4bJ%2bnLYYA%3d%3d\">INSCRIPCI\u00d3N AQU\u00cd<\/a><\/h3>\n<h3 style=\"text-align: center;\"><img decoding=\"async\" loading=\"lazy\" class=\"alignnone size-medium wp-image-1589 aligncenter\" src=\"https:\/\/ifdmmg-crr.infd.edu.ar\/sitio\/wp-content\/uploads\/2020\/09\/WhatsApp-Image-2020-09-24-at-17.58.45-706x1000.jpeg\" alt=\"\" width=\"706\" height=\"1000\" srcset=\"https:\/\/ifdmmg-crr.infd.edu.ar\/sitio\/wp-content\/uploads\/2020\/09\/WhatsApp-Image-2020-09-24-at-17.58.45-706x1000.jpeg 706w, https:\/\/ifdmmg-crr.infd.edu.ar\/sitio\/wp-content\/uploads\/2020\/09\/WhatsApp-Image-2020-09-24-at-17.58.45-768x1087.jpeg 768w, https:\/\/ifdmmg-crr.infd.edu.ar\/sitio\/wp-content\/uploads\/2020\/09\/WhatsApp-Image-2020-09-24-at-17.58.45.jpeg 904w\" sizes=\"(max-width: 706px) 100vw, 706px\" \/><\/h3>\n<h3 style=\"text-align: center;\"><a href=\"http:\/\/sima.mec.gob.ar\/inscripcionescursos\/?i=mbJMF4rfUKpoS4bJ%2bnLYYA%3d%3d\">INSCRIPCI\u00d3N AQU\u00cd<\/a><\/h3>\n<p><img decoding=\"async\" loading=\"lazy\" class=\"alignnone size-medium wp-image-1588 aligncenter\" src=\"https:\/\/ifdmmg-crr.infd.edu.ar\/sitio\/wp-content\/uploads\/2020\/09\/WhatsApp-Image-2020-09-24-at-17.58.46-706x1000.jpeg\" alt=\"\" width=\"706\" height=\"1000\" srcset=\"https:\/\/ifdmmg-crr.infd.edu.ar\/sitio\/wp-content\/uploads\/2020\/09\/WhatsApp-Image-2020-09-24-at-17.58.46-706x1000.jpeg 706w, https:\/\/ifdmmg-crr.infd.edu.ar\/sitio\/wp-content\/uploads\/2020\/09\/WhatsApp-Image-2020-09-24-at-17.58.46-768x1087.jpeg 768w, https:\/\/ifdmmg-crr.infd.edu.ar\/sitio\/wp-content\/uploads\/2020\/09\/WhatsApp-Image-2020-09-24-at-17.58.46.jpeg 904w\" sizes=\"(max-width: 706px) 100vw, 706px\" \/><\/p>\n<h3><img decoding=\"async\" loading=\"lazy\" class=\"alignnone size-medium wp-image-1541\" src=\"https:\/\/ifdmmg-crr.infd.edu.ar\/sitio\/wp-content\/uploads\/2020\/08\/Entrega-de-certificados-con-todos-los-cursos-hasta-2019-1000x1000.png\" alt=\"\" width=\"1000\" height=\"1000\" srcset=\"https:\/\/ifdmmg-crr.infd.edu.ar\/sitio\/wp-content\/uploads\/2020\/08\/Entrega-de-certificados-con-todos-los-cursos-hasta-2019-1000x1000.png 1000w, https:\/\/ifdmmg-crr.infd.edu.ar\/sitio\/wp-content\/uploads\/2020\/08\/Entrega-de-certificados-con-todos-los-cursos-hasta-2019-500x500.png 500w, https:\/\/ifdmmg-crr.infd.edu.ar\/sitio\/wp-content\/uploads\/2020\/08\/Entrega-de-certificados-con-todos-los-cursos-hasta-2019-768x768.png 768w, https:\/\/ifdmmg-crr.infd.edu.ar\/sitio\/wp-content\/uploads\/2020\/08\/Entrega-de-certificados-con-todos-los-cursos-hasta-2019.png 1167w\" sizes=\"(max-width: 1000px) 100vw, 1000px\" \/><img decoding=\"async\" loading=\"lazy\" class=\"alignnone size-medium wp-image-1528\" src=\"https:\/\/ifdmmg-crr.infd.edu.ar\/sitio\/wp-content\/uploads\/2020\/08\/Agregamos-cursos-a-la-lista-1000x471.png\" alt=\"\" width=\"1000\" height=\"471\" srcset=\"https:\/\/ifdmmg-crr.infd.edu.ar\/sitio\/wp-content\/uploads\/2020\/08\/Agregamos-cursos-a-la-lista-1000x471.png 1000w, https:\/\/ifdmmg-crr.infd.edu.ar\/sitio\/wp-content\/uploads\/2020\/08\/Agregamos-cursos-a-la-lista-768x362.png 768w, https:\/\/ifdmmg-crr.infd.edu.ar\/sitio\/wp-content\/uploads\/2020\/08\/Agregamos-cursos-a-la-lista.png 1138w\" sizes=\"(max-width: 1000px) 100vw, 1000px\" \/><\/h3>\n<h3><img decoding=\"async\" loading=\"lazy\" class=\"alignnone size-medium wp-image-1524 aligncenter\" src=\"https:\/\/ifdmmg-crr.infd.edu.ar\/sitio\/wp-content\/uploads\/2020\/08\/Entrega-de-certificados-1000x1000.png\" alt=\"\" width=\"1000\" height=\"1000\" srcset=\"https:\/\/ifdmmg-crr.infd.edu.ar\/sitio\/wp-content\/uploads\/2020\/08\/Entrega-de-certificados-1000x1000.png 1000w, https:\/\/ifdmmg-crr.infd.edu.ar\/sitio\/wp-content\/uploads\/2020\/08\/Entrega-de-certificados-500x500.png 500w, https:\/\/ifdmmg-crr.infd.edu.ar\/sitio\/wp-content\/uploads\/2020\/08\/Entrega-de-certificados-768x768.png 768w, https:\/\/ifdmmg-crr.infd.edu.ar\/sitio\/wp-content\/uploads\/2020\/08\/Entrega-de-certificados.png 1167w\" sizes=\"(max-width: 1000px) 100vw, 1000px\" \/><\/h3>\n<h3 style=\"text-align: center;\"><a href=\"http:\/\/sima.mec.gob.ar\/inscripcionescursos\/?i=jnsbo4SGhueNNqruBPLFLw%3d%3d\">PRESIONE AQU\u00cd PARA INSCRIBIRSE<\/a><\/h3>\n<p><img decoding=\"async\" loading=\"lazy\" class=\"size-medium wp-image-1519 aligncenter\" src=\"https:\/\/ifdmmg-crr.infd.edu.ar\/sitio\/wp-content\/uploads\/2020\/08\/Cursos-Primera-Cohorte-2020-con-QR-1000x1000.png\" alt=\"\" width=\"1000\" height=\"1000\" srcset=\"https:\/\/ifdmmg-crr.infd.edu.ar\/sitio\/wp-content\/uploads\/2020\/08\/Cursos-Primera-Cohorte-2020-con-QR-1000x1000.png 1000w, https:\/\/ifdmmg-crr.infd.edu.ar\/sitio\/wp-content\/uploads\/2020\/08\/Cursos-Primera-Cohorte-2020-con-QR-500x500.png 500w, https:\/\/ifdmmg-crr.infd.edu.ar\/sitio\/wp-content\/uploads\/2020\/08\/Cursos-Primera-Cohorte-2020-con-QR-768x768.png 768w, https:\/\/ifdmmg-crr.infd.edu.ar\/sitio\/wp-content\/uploads\/2020\/08\/Cursos-Primera-Cohorte-2020-con-QR.png 1167w\" sizes=\"(max-width: 1000px) 100vw, 1000px\" \/><\/p>\n<h3 style=\"text-align: center;\"><a href=\"http:\/\/sima.mec.gob.ar\/inscripcionescursos\/?i=jnsbo4SGhueNNqruBPLFLw%3d%3d\">PRESIONE AQU\u00cd PARA INSCRIBIRSE<\/a><\/h3>\n<p>&nbsp;<\/p>\n","protected":false},"excerpt":{"rendered":"<p>INSCRIPCI\u00d3N AQU\u00cd \u00a0INSCRIPCI\u00d3N AQU\u00cd INSCRIPCI\u00d3N AQU\u00cd PRESIONE AQU\u00cd PARA INSCRIBIRSE PRESIONE AQU\u00cd PARA INSCRIBIRSE &nbsp;<\/p>\n","protected":false},"author":234,"featured_media":0,"parent":0,"menu_order":0,"comment_status":"closed","ping_status":"closed","template":"","meta":[],"acf":[],"_links":{"self":[{"href":"https:\/\/ifdmmg-crr.infd.edu.ar\/sitio\/wp-json\/wp\/v2\/pages\/786"}],"collection":[{"href":"https:\/\/ifdmmg-crr.infd.edu.ar\/sitio\/wp-json\/wp\/v2\/pages"}],"about":[{"href":"https:\/\/ifdmmg-crr.infd.edu.ar\/sitio\/wp-json\/wp\/v2\/types\/page"}],"author":[{"embeddable":true,"href":"https:\/\/ifdmmg-crr.infd.edu.ar\/sitio\/wp-json\/wp\/v2\/users\/234"}],"replies":[{"embeddable":true,"href":"https:\/\/ifdmmg-crr.infd.edu.ar\/sitio\/wp-json\/wp\/v2\/comments?post=786"}],"version-history":[{"count":20,"href":"https:\/\/ifdmmg-crr.infd.edu.ar\/sitio\/wp-json\/wp\/v2\/pages\/786\/revisions"}],"predecessor-version":[{"id":1807,"href":"https:\/\/ifdmmg-crr.infd.edu.ar\/sitio\/wp-json\/wp\/v2\/pages\/786\/revisions\/1807"}],"wp:attachment":[{"href":"https:\/\/ifdmmg-crr.infd.edu.ar\/sitio\/wp-json\/wp\/v2\/media?parent=786"}],"curies":[{"name":"wp","href":"https:\/\/api.w.org\/{rel}","templated":true}]}}