{"id":778,"date":"2018-06-28T01:36:21","date_gmt":"2018-06-28T04:36:21","guid":{"rendered":"https:\/\/ifdmmg-crr.infd.edu.ar\/sitio\/historia\/"},"modified":"2021-05-01T13:05:44","modified_gmt":"2021-05-01T16:05:44","slug":"historia","status":"publish","type":"page","link":"https:\/\/ifdmmg-crr.infd.edu.ar\/sitio\/historia\/","title":{"rendered":"Historia"},"content":{"rendered":"<h1><span style=\"color: #cc6600; font-family: arial, helvetica, sans-serif; font-size: medium;\"><strong>Breve rese\u00f1a hist\u00f3rica<\/strong><\/span><\/h1>\n<p style=\"text-align: justify;\">El Instituto se encuentra funcionando desde sus inicios en la Escuela Normal de la ciudad de San Luis del Palmar, ubicada a 25 km de la ciudad capital de la provincia de Corrientes.<\/p>\n<p style=\"text-align: justify;\">Sus inicios se remontan al a\u00f1o 1973, en el que comenz\u00f3 a dictarse por primera vez el Profesorado de Educaci\u00f3n Primaria en la Escuela Normal \u00abMart\u00edn Miguel de G\u00fcemes\u00bb. Por ese entonces la mismas autoridades que estaban a cargo de la escuela se ocupaban del Nivel Superior. La carrera contaba con un Director.<\/p>\n<p style=\"text-align: justify;\">En el a\u00f1o 1996 se hallaba en proceso de implementaci\u00f3n la Ley Federal de Educaci\u00f3n, y por ende los dise\u00f1os curriculares de los nuevos Profesorados en EGB 1 y 2 estaban siendo desarrollados para las distintas instituciones de Nivel Superior.<\/p>\n<p style=\"text-align: justify;\">Mientras tanto el equipo de docentes que trabajaban en el Nivel Superior, hab\u00eda presentado un proyecto para la habilitaci\u00f3n de una Tecnicatura en Computaci\u00f3n de un a\u00f1o de duraci\u00f3n, que fue aprobado y se dict\u00f3 por una \u00fanica cohorte.<\/p>\n<p style=\"text-align: justify;\">En el a\u00f1o 1997 lleg\u00f3 el decreto de creaci\u00f3n del Instituto de Formaci\u00f3n Docente \u00abMart\u00edn Miguel de G\u00fcemes\u00bb, el que se hallaba en proceso de acreditaci\u00f3n. Se nombr\u00f3 una Rectora Organizadora y algunas coordinaciones. Este equipo trabaj\u00f3 en el Dise\u00f1o Curricular para el Profesorado de EGB 1 y 2 y el mismo fue acreditado con reservas en el a\u00f1o 1998.<\/p>\n<p style=\"text-align: justify;\">En ese mismo a\u00f1o se habilit\u00f3 la Tecnicatura en Inform\u00e1tica Administrativa, la que funcion\u00f3 hasta el a\u00f1o 2010 con algunas modificaciones en el dise\u00f1o curricular durante ese periodo.<\/p>\n<p style=\"text-align: justify;\">En el a\u00f1o 2000, ya con Resoluci\u00f3n de habilitaci\u00f3n del primer a\u00f1o del Profesorado de EGB 1 y 2, la intervenci\u00f3n federal que se produjo en ese momento, suspendi\u00f3 la habilitaci\u00f3n por falta de presupuesto.<\/p>\n<p style=\"text-align: justify;\">Se procur\u00f3 el levantamiento de esta suspensi\u00f3n en reiteradas oportunidades, frente a las necesidades de ofertas de nivel superior de la comunidad local, pero durante mucho tiempo fue denegado, manteni\u00e9ndose solamente carreras t\u00e9cnicas.<\/p>\n<p style=\"text-align: justify;\">En el a\u00f1o 2010 se logr\u00f3 la apertura de una Extensi\u00f3n Aulica del ISFD \u201cDr Juan Pujol\u201d de Corrientes Capital, habilit\u00e1ndose el Profesorado de Educaci\u00f3n Primaria y el Profesorado para el Tercer Ciclo de la EGB y Polimodal en Lengua, esta \u00faltima por una sola cohorte. La matr\u00edcula en ambas carreras fue muy importante y se habilitaron dos divisiones para cada una.<\/p>\n<p style=\"text-align: justify;\">Al mismo tiempo se llev\u00f3 a cabo la transferencia al Instituto del Curso de Extensi\u00f3n de Ingl\u00e9s Adolescente, que hasta el momento funcionaba como anexo del Instituto Superior \u00abJosefina Contte\u00bb en la Escuela T\u00e9cnica \u00abNtra Sra de Itat\u00ed\u00bb de la localidad. Contaba solamente con los cursos de primero a cuarto a\u00f1o. Se realiz\u00f3 la gesti\u00f3n para habilitar el quinto y sexto a\u00f1o por lo que hoy se cuenta con todos los cursos.<\/p>\n<p style=\"text-align: justify;\">En el a\u00f1o 2011 comenz\u00f3 el cierre de la Tecnicatura en Inform\u00e1tica Administrativa y se abri\u00f3 la\u00a0Tecnicatura en Infraestructura Inform\u00e1tica.<\/p>\n<p style=\"text-align: justify;\">Para el a\u00f1o 2013 surgi\u00f3 un nuevo Decreto de creaci\u00f3n del Instituto Superior de Formaci\u00f3n Docente \u00abMart\u00edn Miguel de G\u00fcemes\u00bb, y se habilitaron carreras de formaci\u00f3n docente propias. Las primeras fueron el Profesorado de Educaci\u00f3n Primaria y el Profesorado de Educaci\u00f3n Secundaria en Matem\u00e1tica.<\/p>\n<p style=\"text-align: justify;\">En el a\u00f1o 2014 comenz\u00f3 a cerrarse la Tecnicatura Superior en Infraestructura Inform\u00e1tica y se habilit\u00f3 el Profesorado de Educaci\u00f3n Secundaria en Lengua y Literatura.<\/p>\n<p style=\"text-align: justify;\">Hacia el 2015 se habilit\u00f3 el Profesorado de Educaci\u00f3n Secundaria en Historia.<\/p>\n<p style=\"text-align: justify;\">Por el a\u00f1o 2016 comenz\u00f3 a cerrarse el PEP y se abri\u00f3 el Profesorado de Educaci\u00f3n Secundaria en Biolog\u00eda. Dada la cantidad de interesados en el cursado de Historia y Biolog\u00eda se logr\u00f3 la habilitaci\u00f3n de una nueva divisi\u00f3n para el primer a\u00f1o de ambas carreas.<\/p>\n<p style=\"text-align: justify;\">En el 2017 se produjo la apertura de la Tecnicatura en Industria Textil e Indumentaria por una cohorte.<\/p>\n<p>En el a\u00f1o 2020 se implementaron nuestros dos primeros post\u00edtulos, gracias a la implementaci\u00f3n de horas docentes dedicadas especialmente a la formaci\u00f3n continua:<\/p>\n<ul>\n<li>Diplomatura Superior: Desaf\u00edos actuales de la Ense\u00f1anza de la Biolog\u00eda en le Nivel Secundario<\/li>\n<li>Especializaci\u00f3n Superior Ense\u00f1ar para comprender los procesos socio-hist\u00f3ricos<\/li>\n<\/ul>\n<p style=\"text-align: justify;\">Actualmente se cuenta con las siguientes ofertas:<\/p>\n<ul>\n<li style=\"text-align: justify;\">Profesorado de Educaci\u00f3n Secundaria en Matem\u00e1tica<\/li>\n<li style=\"text-align: justify;\">Profesorado de Educaci\u00f3n Secundaria en Lengua y Literatura<\/li>\n<li style=\"text-align: justify;\">Profesorado de Educaci\u00f3n Secundaria en Historia<\/li>\n<li style=\"text-align: justify;\">Profesorado de Educaci\u00f3n Secundaria en Biolog\u00eda<\/li>\n<li style=\"text-align: justify;\">Curso Extensi\u00f3n Ingl\u00e9s Adolescente<\/li>\n<\/ul>\n","protected":false},"excerpt":{"rendered":"<p>Breve rese\u00f1a hist\u00f3rica El Instituto se encuentra funcionando desde sus inicios en la Escuela Normal de la ciudad de San Luis del Palmar, ubicada a 25 km de la ciudad capital de la provincia de Corrientes. Sus inicios se remontan al a\u00f1o 1973, en el que comenz\u00f3 a dictarse por primera vez el Profesorado de &#8230; <a title=\"Historia\" class=\"read-more\" href=\"https:\/\/ifdmmg-crr.infd.edu.ar\/sitio\/historia\/\" aria-label=\"More on Historia\">[+]<\/a><\/p>\n","protected":false},"author":234,"featured_media":0,"parent":0,"menu_order":0,"comment_status":"closed","ping_status":"closed","template":"","meta":[],"acf":[],"_links":{"self":[{"href":"https:\/\/ifdmmg-crr.infd.edu.ar\/sitio\/wp-json\/wp\/v2\/pages\/778"}],"collection":[{"href":"https:\/\/ifdmmg-crr.infd.edu.ar\/sitio\/wp-json\/wp\/v2\/pages"}],"about":[{"href":"https:\/\/ifdmmg-crr.infd.edu.ar\/sitio\/wp-json\/wp\/v2\/types\/page"}],"author":[{"embeddable":true,"href":"https:\/\/ifdmmg-crr.infd.edu.ar\/sitio\/wp-json\/wp\/v2\/users\/234"}],"replies":[{"embeddable":true,"href":"https:\/\/ifdmmg-crr.infd.edu.ar\/sitio\/wp-json\/wp\/v2\/comments?post=778"}],"version-history":[{"count":7,"href":"https:\/\/ifdmmg-crr.infd.edu.ar\/sitio\/wp-json\/wp\/v2\/pages\/778\/revisions"}],"predecessor-version":[{"id":1797,"href":"https:\/\/ifdmmg-crr.infd.edu.ar\/sitio\/wp-json\/wp\/v2\/pages\/778\/revisions\/1797"}],"wp:attachment":[{"href":"https:\/\/ifdmmg-crr.infd.edu.ar\/sitio\/wp-json\/wp\/v2\/media?parent=778"}],"curies":[{"name":"wp","href":"https:\/\/api.w.org\/{rel}","templated":true}]}}