{"id":776,"date":"2018-06-28T01:36:20","date_gmt":"2018-06-28T04:36:20","guid":{"rendered":"https:\/\/ifdmmg-crr.infd.edu.ar\/sitio\/autoridades\/"},"modified":"2026-03-30T15:01:18","modified_gmt":"2026-03-30T18:01:18","slug":"autoridades","status":"publish","type":"page","link":"https:\/\/ifdmmg-crr.infd.edu.ar\/sitio\/autoridades\/","title":{"rendered":"Equipo de Gesti\u00f3n"},"content":{"rendered":"<p><span style=\"color: #0000ff; font-family: arial, helvetica, sans-serif; font-size: medium;\"><span style=\"color: #000000;\">Rectora:<\/span> <strong>Prof. Lic. Gloria Aida Jorge<\/strong><\/span><\/p>\n<p><span style=\"color: #0000ff; font-family: arial, helvetica, sans-serif; font-size: medium;\"><span style=\"color: #000000;\">Secretar\u00eda Acad\u00e9mica: <span style=\"color: #0000ff;\"><strong>Prof. Esther Mary Molina<\/strong><\/span><\/span><strong>\u00a0<\/strong><\/span><\/p>\n<p><span style=\"color: #0000ff; font-family: arial, helvetica, sans-serif; font-size: medium;\"><span style=\"color: #000000;\">Coordinadora de Formaci\u00f3n Docente Inicial:<\/span> <strong>Prof. Lic. Eva Estela Molina<\/strong><\/span><\/p>\n<p><span style=\"color: #0000ff; font-family: arial, helvetica, sans-serif; font-size: medium;\"><span style=\"color: #000000;\">Coordinadora de Apoyo Pedag\u00f3gico a Escuelas:<\/span><strong> Prof. Cecilia Ver\u00f3nica Itat\u00ed N\u00fa\u00f1ez<\/strong><\/span><\/p>\n<p><span style=\"color: #0000ff; font-family: arial, helvetica, sans-serif; font-size: medium;\"><span style=\"color: #000000;\">Coordinadora de Pol\u00edticas Estudiantiles:<\/span> <strong>Prof. Vanesa Marisa Bornis<\/strong><\/span><\/p>\n<p><span style=\"color: #0000ff; font-family: arial, helvetica, sans-serif; font-size: medium;\"><span style=\"color: #000000;\">Secretario Administrativo:<\/span><strong> Prof. C\u00e9sar Y\u00e1\u00f1ez Calder\u00f3n<\/strong><\/span><\/p>\n<p><span style=\"color: #000000; font-family: arial, helvetica, sans-serif; font-size: medium;\">Coordinadores de Carrera: <\/span><\/p>\n<p style=\"padding-left: 60px;\"><span style=\"color: #0000ff; font-family: arial, helvetica, sans-serif; font-size: medium;\"><span style=\"color: #000000;\">Profesorado de Biolog\u00eda: <span style=\"color: #0000ff;\"><strong>Prof. Mar\u00eda Silvia Habarta<\/strong><\/span><\/span><\/span><\/p>\n<p style=\"padding-left: 60px;\"><span style=\"color: #0000ff; font-family: arial, helvetica, sans-serif; font-size: medium;\"><span style=\"color: #000000;\">Profesorado de Historia:<\/span><strong> Prof. Bruno Agust\u00edn Vallejos<\/strong><\/span><\/p>\n<p style=\"padding-left: 60px;\"><span style=\"color: #0000ff; font-family: arial, helvetica, sans-serif; font-size: medium;\"><span style=\"color: #000000;\">Profesorado de Lengua y Literatura: <span style=\"color: #0000ff;\"><strong>Prof. Lic. Rosa Esther Molina<\/strong><\/span><\/span><strong>\u00a0<\/strong><\/span><\/p>\n<p style=\"padding-left: 60px;\"><span style=\"color: #0000ff; font-family: arial, helvetica, sans-serif; font-size: medium;\"><span style=\"color: #000000;\">Profesorado de Matem\u00e1tica:<\/span><strong>\u00a0<\/strong><\/span><\/p>\n<p><span style=\"color: #000000; font-family: arial, helvetica, sans-serif; font-size: medium;\">Facilitadores TIC: <\/span><\/p>\n<p><strong style=\"color: #0000ff; font-family: arial, helvetica, sans-serif; font-size: medium;\"><span style=\"color: #000000;\">\u00a0 \u00a0 \u00a0 \u00a0 \u00a0 \u00a0 \u00a0<\/span><\/strong><strong style=\"color: #0000ff; font-family: arial, helvetica, sans-serif; font-size: medium;\">Prof. Florencia Natalia Acosta<\/strong><\/p>\n<p><strong style=\"color: #0000ff; font-family: arial, helvetica, sans-serif; font-size: medium;\"><span style=\"color: #000000;\">\u00a0 \u00a0 \u00a0 \u00a0 \u00a0 \u00a0 \u00a0<\/span>Prof. Jos\u00e9 Hern\u00e1n P\u00e9rez<\/strong><\/p>\n<p><span style=\"color: #0000ff; font-family: arial, helvetica, sans-serif; font-size: medium;\"><span style=\"color: #000000;\">Bibliotecaria: <span style=\"color: #0000ff;\"><b>Btga. Laura Noem\u00ed Vera<\/b><\/span><\/span><\/span><\/p>\n<p><span style=\"color: #0000ff; font-family: arial, helvetica, sans-serif; font-size: medium;\"><span style=\"color: #000000;\">Bedel: <span style=\"color: #0000ff;\"><b>Prof. Dolores Estela Aguirre<\/b><\/span><\/span><\/span><\/p>\n<p><span style=\"color: #000000;\">Preceptores:<strong style=\"font-family: arial, helvetica, sans-serif; font-size: medium;\">\u00a0<\/strong><\/span><\/p>\n<p style=\"padding-left: 60px;\"><strong style=\"color: #0000ff; font-family: arial, helvetica, sans-serif; font-size: medium;\">Prof. Mar\u00eda Jos\u00e9 Aguirre<\/strong><\/p>\n<p><strong style=\"color: #0000ff; font-family: arial, helvetica, sans-serif; font-size: medium;\">\u00a0 \u00a0 \u00a0 \u00a0 \u00a0 \u00a0 \u00a0Prof. Laura R. Ram\u00edrez Ibarra<\/strong><\/p>\n<p><span style=\"color: #0000ff; font-family: arial, helvetica, sans-serif; font-size: medium;\"><strong>\u00a0 \u00a0 \u00a0 \u00a0 \u00a0 \u00a0 \u00a0Prof. An\u00edbal Zalazar<\/strong><\/span><\/p>\n","protected":false},"excerpt":{"rendered":"<p>Rectora: Prof. Lic. Gloria Aida Jorge Secretar\u00eda Acad\u00e9mica: Prof. Esther Mary Molina\u00a0 Coordinadora de Formaci\u00f3n Docente Inicial: Prof. Lic. Eva Estela Molina Coordinadora de Apoyo Pedag\u00f3gico a Escuelas: Prof. Cecilia Ver\u00f3nica Itat\u00ed N\u00fa\u00f1ez Coordinadora de Pol\u00edticas Estudiantiles: Prof. Vanesa Marisa Bornis Secretario Administrativo: Prof. C\u00e9sar Y\u00e1\u00f1ez Calder\u00f3n Coordinadores de Carrera: Profesorado de Biolog\u00eda: Prof. Mar\u00eda &#8230; <a title=\"Equipo de Gesti\u00f3n\" class=\"read-more\" href=\"https:\/\/ifdmmg-crr.infd.edu.ar\/sitio\/autoridades\/\" aria-label=\"More on Equipo de Gesti\u00f3n\">[+]<\/a><\/p>\n","protected":false},"author":234,"featured_media":0,"parent":0,"menu_order":0,"comment_status":"closed","ping_status":"closed","template":"","meta":[],"acf":[],"_links":{"self":[{"href":"https:\/\/ifdmmg-crr.infd.edu.ar\/sitio\/wp-json\/wp\/v2\/pages\/776"}],"collection":[{"href":"https:\/\/ifdmmg-crr.infd.edu.ar\/sitio\/wp-json\/wp\/v2\/pages"}],"about":[{"href":"https:\/\/ifdmmg-crr.infd.edu.ar\/sitio\/wp-json\/wp\/v2\/types\/page"}],"author":[{"embeddable":true,"href":"https:\/\/ifdmmg-crr.infd.edu.ar\/sitio\/wp-json\/wp\/v2\/users\/234"}],"replies":[{"embeddable":true,"href":"https:\/\/ifdmmg-crr.infd.edu.ar\/sitio\/wp-json\/wp\/v2\/comments?post=776"}],"version-history":[{"count":20,"href":"https:\/\/ifdmmg-crr.infd.edu.ar\/sitio\/wp-json\/wp\/v2\/pages\/776\/revisions"}],"predecessor-version":[{"id":2211,"href":"https:\/\/ifdmmg-crr.infd.edu.ar\/sitio\/wp-json\/wp\/v2\/pages\/776\/revisions\/2211"}],"wp:attachment":[{"href":"https:\/\/ifdmmg-crr.infd.edu.ar\/sitio\/wp-json\/wp\/v2\/media?parent=776"}],"curies":[{"name":"wp","href":"https:\/\/api.w.org\/{rel}","templated":true}]}}