{"id":768,"date":"2018-06-28T01:36:18","date_gmt":"2018-06-28T04:36:18","guid":{"rendered":"https:\/\/ifdmmg-crr.infd.edu.ar\/sitio\/docentes-2\/"},"modified":"2026-05-08T02:28:00","modified_gmt":"2026-05-08T05:28:00","slug":"docentes-2","status":"publish","type":"page","link":"https:\/\/ifdmmg-crr.infd.edu.ar\/sitio\/docentes-2\/","title":{"rendered":"Docentes"},"content":{"rendered":"<table width=\"490\">\n<tbody>\n<tr>\n<td width=\"46\"><strong>Orden<\/strong><\/td>\n<td width=\"252\"><strong>Apellido y Nombre<\/strong><\/td>\n<td width=\"192\"><b>\u00c1rea<\/b><\/td>\n<\/tr>\n<tr>\n<td width=\"46\">1<\/td>\n<td width=\"252\">AGUIRRE, Paola Itat\u00ed<\/td>\n<td width=\"192\">Matem\u00e1tica<\/td>\n<\/tr>\n<tr>\n<td width=\"46\">2<\/td>\n<td width=\"252\">ALARC\u00d3N, Cyntia Irene<\/td>\n<td width=\"192\">Ciencias Jur\u00eddicas<\/td>\n<\/tr>\n<tr>\n<td width=\"46\">3<\/td>\n<td width=\"252\">ALCARAZ, Marisa Isabel<\/td>\n<td width=\"192\">Ciencias Jur\u00eddicas<\/td>\n<\/tr>\n<tr>\n<td width=\"46\">4<\/td>\n<td width=\"252\">ARNAIZ, Juan Manuel<\/td>\n<td width=\"192\">Historia<\/td>\n<\/tr>\n<tr>\n<td width=\"46\">5<\/td>\n<td width=\"252\">ASTORGA, Nancy<\/td>\n<td width=\"192\">Ciencias de la Educaci\u00f3n<\/td>\n<\/tr>\n<tr>\n<td width=\"46\">6<\/td>\n<td width=\"252\">BECHARA, Mar\u00eda Silvina<\/td>\n<td width=\"192\">Lengua y Literatura<\/td>\n<\/tr>\n<tr>\n<td width=\"46\">7<\/td>\n<td width=\"252\">BILLORDO, Emanuel Enrique<\/td>\n<td width=\"192\">Ciencias de la Educaci\u00f3n<\/td>\n<\/tr>\n<tr>\n<td width=\"46\">8<\/td>\n<td width=\"252\">BORD\u00d3N, Paula Daniela<\/td>\n<td width=\"192\">Matem\u00e1tica<\/td>\n<\/tr>\n<tr>\n<td width=\"46\">9<\/td>\n<td width=\"252\">BRAVO, Fernando Antonio<\/td>\n<td width=\"192\">Lengua y Literatura<\/td>\n<\/tr>\n<tr>\n<td width=\"46\">10<\/td>\n<td width=\"252\">CABALLERO, N\u00e9lida Beatriz<\/td>\n<td width=\"192\">Ciencias de la Educaci\u00f3n<\/td>\n<\/tr>\n<tr>\n<td width=\"46\">11<\/td>\n<td width=\"252\">CABALLERO, Sonia Maricel<\/td>\n<td width=\"192\">Ciencias de la Educaci\u00f3n<\/td>\n<\/tr>\n<tr>\n<td width=\"46\">12<\/td>\n<td width=\"252\">C\u00c1CERES, Bruno Guillermo<\/td>\n<td width=\"192\">Matem\u00e1tica<\/td>\n<\/tr>\n<tr>\n<td width=\"46\">13<\/td>\n<td width=\"252\">CH\u00c1VEZ, Sonia Ver\u00f3nica<\/td>\n<td width=\"192\">Ciencias Econ\u00f3micas<\/td>\n<\/tr>\n<tr>\n<td width=\"46\">14<\/td>\n<td width=\"252\">CONTRERAS, Alfredo Antonio<\/td>\n<td width=\"192\">Historia<\/td>\n<\/tr>\n<tr>\n<td width=\"46\">15<\/td>\n<td width=\"252\">DABRIO, Alfredo<\/td>\n<td width=\"192\">Biolog\u00eda<\/td>\n<\/tr>\n<tr>\n<td width=\"46\">16<\/td>\n<td width=\"252\">DE LOS SANTOS, Mar\u00eda de los Remedios<\/td>\n<td width=\"192\">Historia<\/td>\n<\/tr>\n<tr>\n<td width=\"46\">17<\/td>\n<td width=\"252\">DESTEFANI, Mar\u00eda Irene<\/td>\n<td width=\"192\">Biolog\u00eda<\/td>\n<\/tr>\n<tr>\n<td width=\"46\">18<\/td>\n<td width=\"252\">DUARTE, Lidia Mabel<\/td>\n<td width=\"192\">Biolog\u00eda<\/td>\n<\/tr>\n<tr>\n<td width=\"46\">19<\/td>\n<td width=\"252\">FARCO, Gabriela Elizabeth<\/td>\n<td width=\"192\">Biolog\u00eda<\/td>\n<\/tr>\n<tr>\n<td width=\"46\">20<\/td>\n<td width=\"252\">FEU, Facundo Jos\u00e9 Constantino<\/td>\n<td width=\"192\">Lengua y Literatura<\/td>\n<\/tr>\n<tr>\n<td width=\"46\">21<\/td>\n<td width=\"252\">GARC\u00cdA, H\u00e9ctor Fabi\u00e1n<\/td>\n<td width=\"192\">Historia<\/td>\n<\/tr>\n<tr>\n<td width=\"46\">22<\/td>\n<td width=\"252\">GAUNA, Jos\u00e9 Orlando<\/td>\n<td width=\"192\">Biolog\u00eda<\/td>\n<\/tr>\n<tr>\n<td width=\"46\">23<\/td>\n<td width=\"252\">GERBER, Dora Adriana<\/td>\n<td width=\"192\">Lengua Extranjera: Ingl\u00e9s<\/td>\n<\/tr>\n<tr>\n<td width=\"46\">24<\/td>\n<td width=\"252\">HABARTA, Mar\u00eda Silvia<\/td>\n<td width=\"192\">Qu\u00edmica<\/td>\n<\/tr>\n<tr>\n<td width=\"46\">25<\/td>\n<td width=\"252\">JORGE, Gloria Aida<\/td>\n<td width=\"192\">TIC<\/td>\n<\/tr>\n<tr>\n<td width=\"46\">26<\/td>\n<td width=\"252\">LAPUENTE, Karina<\/td>\n<td width=\"192\">Matem\u00e1tica<\/td>\n<\/tr>\n<tr>\n<td width=\"46\">27<\/td>\n<td width=\"252\">MAIDANA, Mar\u00eda de los Milagros<\/td>\n<td width=\"192\">Historia<\/td>\n<\/tr>\n<tr>\n<td width=\"46\">28<\/td>\n<td width=\"252\">MAIM\u00d3, Maximiliano Milton<\/td>\n<td width=\"192\">Ciencias de la Educaci\u00f3n<\/td>\n<\/tr>\n<tr>\n<td width=\"46\">29<\/td>\n<td width=\"252\">M\u00c9NDEZ, Liliana Ver\u00f3nica<\/td>\n<td width=\"192\">Lengua y Literatura<\/td>\n<\/tr>\n<tr>\n<td width=\"46\">30<\/td>\n<td width=\"252\">MOLINA, Esther Mary<\/td>\n<td width=\"192\">Ciencias de la Educaci\u00f3n<\/td>\n<\/tr>\n<tr>\n<td width=\"46\">31<\/td>\n<td width=\"252\">MOLINA, Eva Estela<\/td>\n<td width=\"192\">Lengua y Literatura<\/td>\n<\/tr>\n<tr>\n<td width=\"46\">32<\/td>\n<td width=\"252\">MOLINA, Rosa Esther<\/td>\n<td width=\"192\">Lengua y Literatura<\/td>\n<\/tr>\n<tr>\n<td width=\"46\">33<\/td>\n<td width=\"252\">NAVARRO, Micaela Bel\u00e9n<\/td>\n<td width=\"192\">Matem\u00e1tica<\/td>\n<\/tr>\n<tr>\n<td width=\"46\">34<\/td>\n<td width=\"252\">N\u00da\u00d1EZ, Cecilia Ver\u00f3nica Itat\u00ed<\/td>\n<td width=\"192\">Ciencias de la Educaci\u00f3n<\/td>\n<\/tr>\n<tr>\n<td width=\"46\">35<\/td>\n<td width=\"252\">N\u00da\u00d1EZ, Grisel Sara<\/td>\n<td width=\"192\">Biolog\u00eda<\/td>\n<\/tr>\n<tr>\n<td width=\"46\">36<\/td>\n<td width=\"252\">OJEDA, Jackeline Liliana<\/td>\n<td width=\"192\">Ciencias Jur\u00eddicas<\/td>\n<\/tr>\n<tr>\n<td width=\"46\">37<\/td>\n<td width=\"252\">OJEDA, Julio C\u00e9sar<\/td>\n<td width=\"192\">Filosof\u00eda<\/td>\n<\/tr>\n<tr>\n<td width=\"46\">38<\/td>\n<td width=\"252\">OJEDA, Lidia Marina<\/td>\n<td width=\"192\">Historia<\/td>\n<\/tr>\n<tr>\n<td width=\"46\">39<\/td>\n<td width=\"252\">P\u00c9REZ, Jos\u00e9 Hern\u00e1n<\/td>\n<td width=\"192\">TIC<\/td>\n<\/tr>\n<tr>\n<td width=\"46\">40<\/td>\n<td width=\"252\">P\u00c9REZ, Mar\u00eda Elizabet<\/td>\n<td width=\"192\">Ciencias de la Educaci\u00f3n<\/td>\n<\/tr>\n<tr>\n<td width=\"46\">41<\/td>\n<td width=\"252\">PINTOS, Laura Griselda<\/td>\n<td width=\"192\">Matem\u00e1tica<\/td>\n<\/tr>\n<tr>\n<td width=\"46\">42<\/td>\n<td width=\"252\">RAM\u00cdREZ IBARRA, Laura Ramona<\/td>\n<td width=\"192\">TIC<\/td>\n<\/tr>\n<tr>\n<td width=\"46\">43<\/td>\n<td width=\"252\">RAM\u00cdREZ, Mar\u00eda Lorena<\/td>\n<td width=\"192\">Lengua Extranjera: Ingl\u00e9s<\/td>\n<\/tr>\n<tr>\n<td width=\"46\">44<\/td>\n<td width=\"252\">RAM\u00cdREZ, Mar\u00eda Milena<\/td>\n<td width=\"192\">Ciencias de la Educaci\u00f3n<\/td>\n<\/tr>\n<tr>\n<td width=\"46\">45<\/td>\n<td width=\"252\">ROAS, Francisco Nicol\u00e1s<\/td>\n<td width=\"192\">Historia<\/td>\n<\/tr>\n<tr>\n<td width=\"46\">46<\/td>\n<td width=\"252\">RODR\u00cdGUEZ, Carolina del Mar<\/td>\n<td width=\"192\">Ciencias de la Educaci\u00f3n<\/td>\n<\/tr>\n<tr>\n<td width=\"46\">47<\/td>\n<td width=\"252\">RODR\u00cdGUEZ, Griselda Soledad<\/td>\n<td width=\"192\">Lengua y Literatura<\/td>\n<\/tr>\n<tr>\n<td width=\"46\">48<\/td>\n<td width=\"252\">RODR\u00cdGUEZ, Tatiana Analy<\/td>\n<td width=\"192\">Historia<\/td>\n<\/tr>\n<tr>\n<td width=\"46\">49<\/td>\n<td width=\"252\">ROMERO, Laura Luj\u00e1n<\/td>\n<td width=\"192\">Dibujo y Pintura<\/td>\n<\/tr>\n<tr>\n<td width=\"46\">50<\/td>\n<td width=\"252\">ROMERO, Mar\u00eda Patricia<\/td>\n<td width=\"192\">Matem\u00e1tica<\/td>\n<\/tr>\n<tr>\n<td width=\"46\">51<\/td>\n<td width=\"252\">SAUCEDO, Mar\u00eda Gloria<\/td>\n<td width=\"192\">Ciencias de la Educaci\u00f3n<\/td>\n<\/tr>\n<tr>\n<td width=\"46\">52<\/td>\n<td width=\"252\">SOL\u00cdS, Sof\u00eda Isabel<\/td>\n<td width=\"192\">Historia<\/td>\n<\/tr>\n<tr>\n<td width=\"46\">53<\/td>\n<td width=\"252\">SOSA, Erika Paola<\/td>\n<td width=\"192\">Ciencias de la Educaci\u00f3n<\/td>\n<\/tr>\n<tr>\n<td width=\"46\">54<\/td>\n<td width=\"252\">SOTO, Micaela Soledad<\/td>\n<td width=\"192\">Ciencias de la Educaci\u00f3n<\/td>\n<\/tr>\n<tr>\n<td width=\"46\">55<\/td>\n<td width=\"252\">SOTO OCA, Mar\u00eda Helena<\/td>\n<td width=\"192\">Biolog\u00eda<\/td>\n<\/tr>\n<tr>\n<td width=\"46\">56<\/td>\n<td width=\"252\">VALENZUELA ESQUIVEL, Guido Leandro<\/td>\n<td width=\"192\">Historia<\/td>\n<\/tr>\n<tr>\n<td width=\"46\">57<\/td>\n<td width=\"252\">VALLEJOS, Bruno Agust\u00edn<\/td>\n<td width=\"192\">Historia<\/td>\n<\/tr>\n<tr>\n<td width=\"46\">58<\/td>\n<td width=\"252\">VALLEJOS, Silvina Vanesa<\/td>\n<td width=\"192\">Biolog\u00eda<\/td>\n<\/tr>\n<tr>\n<td width=\"46\">59<\/td>\n<td width=\"252\">VARGAS, Susana Beatriz<\/td>\n<td width=\"192\">Biolog\u00eda<\/td>\n<\/tr>\n<tr>\n<td width=\"46\">60<\/td>\n<td width=\"252\">ZALAZAR, An\u00edbal<\/td>\n<td width=\"192\">Ciencias de la Educaci\u00f3n<\/td>\n<\/tr>\n<tr>\n<td width=\"46\">61<\/td>\n<td width=\"252\"><\/td>\n<td width=\"192\"><\/td>\n<\/tr>\n<\/tbody>\n<\/table>\n","protected":false},"excerpt":{"rendered":"<p>Orden Apellido y Nombre \u00c1rea 1 AGUIRRE, Paola Itat\u00ed Matem\u00e1tica 2 ALARC\u00d3N, Cyntia Irene Ciencias Jur\u00eddicas 3 ALCARAZ, Marisa Isabel Ciencias Jur\u00eddicas 4 ARNAIZ, Juan Manuel Historia 5 ASTORGA, Nancy Ciencias de la Educaci\u00f3n 6 BECHARA, Mar\u00eda Silvina Lengua y Literatura 7 BILLORDO, Emanuel Enrique Ciencias de la Educaci\u00f3n 8 BORD\u00d3N, Paula Daniela Matem\u00e1tica 9 &#8230; <a title=\"Docentes\" class=\"read-more\" href=\"https:\/\/ifdmmg-crr.infd.edu.ar\/sitio\/docentes-2\/\" aria-label=\"More on Docentes\">[+]<\/a><\/p>\n","protected":false},"author":234,"featured_media":0,"parent":0,"menu_order":0,"comment_status":"closed","ping_status":"closed","template":"","meta":[],"acf":[],"_links":{"self":[{"href":"https:\/\/ifdmmg-crr.infd.edu.ar\/sitio\/wp-json\/wp\/v2\/pages\/768"}],"collection":[{"href":"https:\/\/ifdmmg-crr.infd.edu.ar\/sitio\/wp-json\/wp\/v2\/pages"}],"about":[{"href":"https:\/\/ifdmmg-crr.infd.edu.ar\/sitio\/wp-json\/wp\/v2\/types\/page"}],"author":[{"embeddable":true,"href":"https:\/\/ifdmmg-crr.infd.edu.ar\/sitio\/wp-json\/wp\/v2\/users\/234"}],"replies":[{"embeddable":true,"href":"https:\/\/ifdmmg-crr.infd.edu.ar\/sitio\/wp-json\/wp\/v2\/comments?post=768"}],"version-history":[{"count":49,"href":"https:\/\/ifdmmg-crr.infd.edu.ar\/sitio\/wp-json\/wp\/v2\/pages\/768\/revisions"}],"predecessor-version":[{"id":2245,"href":"https:\/\/ifdmmg-crr.infd.edu.ar\/sitio\/wp-json\/wp\/v2\/pages\/768\/revisions\/2245"}],"wp:attachment":[{"href":"https:\/\/ifdmmg-crr.infd.edu.ar\/sitio\/wp-json\/wp\/v2\/media?parent=768"}],"curies":[{"name":"wp","href":"https:\/\/api.w.org\/{rel}","templated":true}]}}