{"id":1799,"date":"2021-05-31T21:05:56","date_gmt":"2021-06-01T00:05:56","guid":{"rendered":"https:\/\/ifdmmg-crr.infd.edu.ar\/sitio\/?page_id=1799"},"modified":"2026-04-15T22:10:47","modified_gmt":"2026-04-16T01:10:47","slug":"consulta-de-padrones-inscripcion-a-interinatos-y-suplencias","status":"publish","type":"page","link":"https:\/\/ifdmmg-crr.infd.edu.ar\/sitio\/consulta-de-padrones-inscripcion-a-interinatos-y-suplencias\/","title":{"rendered":"Consulta de Padrones Inscripci\u00f3n a Interinatos y Suplencias"},"content":{"rendered":"<h2 style=\"text-align: center;\">Para consultar los padrones acceder al:<\/h2>\n<h3 style=\"text-align: center;\"><a href=\"http:\/\/simaeducativa.mec.gob.ar\/padrones\/\">Sistema Jurisdiccional de Consulta de Padrones<\/a><\/h3>\n<p><img decoding=\"async\" loading=\"lazy\" class=\"wp-image-1905 aligncenter\" src=\"https:\/\/ifdmmg-crr.infd.edu.ar\/sitio\/wp-content\/uploads\/2022\/05\/Dedo-clic.png\" alt=\"\" width=\"90\" height=\"90\" \/><\/p>\n<h2 style=\"text-align: center;\"><span style=\"color: #000080;\">el correspondiente al a\u00f1o 2026 <\/span><\/h2>\n<h2 style=\"text-align: center;\">se puede consultar tambi\u00e9n en el pdf m\u00e1s abajo<\/h2>\n<p>\u00a0<\/p>\n<h2 style=\"text-align: center;\">El Aspirante podr\u00e1 consultar el detalle de la valoraci\u00f3n de su inscripci\u00f3n en este Instituto aqu\u00ed:<\/h2>\n<h3 style=\"text-align: center;\"><a href=\"http:\/\/simaeducativa.mec.gob.ar\/modulo\/docente\/?sanluis\">Mi valoraci\u00f3n<\/a><\/h3>\n<p><img decoding=\"async\" loading=\"lazy\" class=\"wp-image-1905 aligncenter\" src=\"https:\/\/ifdmmg-crr.infd.edu.ar\/sitio\/wp-content\/uploads\/2022\/05\/Dedo-clic.png\" alt=\"\" width=\"93\" height=\"93\" \/><\/p>\n<h4 style=\"text-align: center;\">PADRON DEFINITIVO INSCRIPCION ORDINARIA INTERINATOS Y SUPLENCIAS 2026<\/h4>\n\n\n<div class=\"wp-block-file\"><object class=\"wp-block-file__embed\" data=\"https:\/\/ifdmmg-crr.infd.edu.ar\/sitio\/wp-content\/uploads\/2026\/04\/180177800-PADRON-DEFINITIVO-INSCRIPCION_ORDINARIA_2026.pdf\" type=\"application\/pdf\" style=\"width:100%;height:600px\" aria-label=\"Incrustado de 180177800-PADRON-DEFINITIVO-INSCRIPCION_ORDINARIA_2026.\"><\/object><a id=\"wp-block-file--media-34e3fb91-419a-4bde-b4b0-f70d59ab7a54\" href=\"https:\/\/ifdmmg-crr.infd.edu.ar\/sitio\/wp-content\/uploads\/2026\/04\/180177800-PADRON-DEFINITIVO-INSCRIPCION_ORDINARIA_2026.pdf\">180177800-PADRON-DEFINITIVO-INSCRIPCION_ORDINARIA_2026<\/a><a href=\"https:\/\/ifdmmg-crr.infd.edu.ar\/sitio\/wp-content\/uploads\/2026\/04\/180177800-PADRON-DEFINITIVO-INSCRIPCION_ORDINARIA_2026.pdf\" class=\"wp-block-file__button wp-element-button\" download aria-describedby=\"wp-block-file--media-34e3fb91-419a-4bde-b4b0-f70d59ab7a54\">Descarga<\/a><\/div>\n\n\n\n<div class=\"wp-block-file\"><object class=\"wp-block-file__embed\" data=\"https:\/\/ifdmmg-crr.infd.edu.ar\/sitio\/wp-content\/uploads\/2026\/03\/180177800-PADRON-PROVISORIO-INSCRIPCION_ORDINARIA_2026.pdf\" type=\"application\/pdf\" style=\"width:100%;height:600px\" aria-label=\"Incrustado de 180177800-PADRON-PROVISORIO-INSCRIPCION_ORDINARIA_2026.\"><\/object><a id=\"wp-block-file--media-1e262714-d45f-42d9-8614-50de1d590e0e\" href=\"https:\/\/ifdmmg-crr.infd.edu.ar\/sitio\/wp-content\/uploads\/2026\/03\/180177800-PADRON-PROVISORIO-INSCRIPCION_ORDINARIA_2026.pdf\">180177800-PADRON-PROVISORIO-INSCRIPCION_ORDINARIA_2026<\/a><a href=\"https:\/\/ifdmmg-crr.infd.edu.ar\/sitio\/wp-content\/uploads\/2026\/03\/180177800-PADRON-PROVISORIO-INSCRIPCION_ORDINARIA_2026.pdf\" class=\"wp-block-file__button wp-element-button\" download aria-describedby=\"wp-block-file--media-1e262714-d45f-42d9-8614-50de1d590e0e\">Descarga<\/a><\/div>\n\n\n\n<p><\/p>\n","protected":false},"excerpt":{"rendered":"<p>Para consultar los padrones acceder al: Sistema Jurisdiccional de Consulta de Padrones el correspondiente al a\u00f1o 2026 se puede consultar tambi\u00e9n en el pdf m\u00e1s abajo \u00a0 El Aspirante podr\u00e1 consultar el detalle de la valoraci\u00f3n de su inscripci\u00f3n en este Instituto aqu\u00ed: Mi valoraci\u00f3n PADRON DEFINITIVO INSCRIPCION ORDINARIA INTERINATOS Y SUPLENCIAS 2026<\/p>\n","protected":false},"author":234,"featured_media":0,"parent":0,"menu_order":0,"comment_status":"closed","ping_status":"closed","template":"","meta":[],"acf":[],"_links":{"self":[{"href":"https:\/\/ifdmmg-crr.infd.edu.ar\/sitio\/wp-json\/wp\/v2\/pages\/1799"}],"collection":[{"href":"https:\/\/ifdmmg-crr.infd.edu.ar\/sitio\/wp-json\/wp\/v2\/pages"}],"about":[{"href":"https:\/\/ifdmmg-crr.infd.edu.ar\/sitio\/wp-json\/wp\/v2\/types\/page"}],"author":[{"embeddable":true,"href":"https:\/\/ifdmmg-crr.infd.edu.ar\/sitio\/wp-json\/wp\/v2\/users\/234"}],"replies":[{"embeddable":true,"href":"https:\/\/ifdmmg-crr.infd.edu.ar\/sitio\/wp-json\/wp\/v2\/comments?post=1799"}],"version-history":[{"count":18,"href":"https:\/\/ifdmmg-crr.infd.edu.ar\/sitio\/wp-json\/wp\/v2\/pages\/1799\/revisions"}],"predecessor-version":[{"id":2228,"href":"https:\/\/ifdmmg-crr.infd.edu.ar\/sitio\/wp-json\/wp\/v2\/pages\/1799\/revisions\/2228"}],"wp:attachment":[{"href":"https:\/\/ifdmmg-crr.infd.edu.ar\/sitio\/wp-json\/wp\/v2\/media?parent=1799"}],"curies":[{"name":"wp","href":"https:\/\/api.w.org\/{rel}","templated":true}]}}