{"id":1257,"date":"2020-06-04T21:32:47","date_gmt":"2020-06-05T00:32:47","guid":{"rendered":"https:\/\/ifdmmg-crr.infd.edu.ar\/sitio\/?page_id=1257"},"modified":"2023-06-07T21:43:20","modified_gmt":"2023-06-08T00:43:20","slug":"1257-2","status":"publish","type":"page","link":"https:\/\/ifdmmg-crr.infd.edu.ar\/sitio\/1257-2\/","title":{"rendered":"Interinatos y Suplencias"},"content":{"rendered":"<h2><\/h2>\n<h2>Inscripci\u00f3n Ordinaria a Interinatos y Suplencias 2024<\/h2>\n<h4><\/h4>\n<h4><span style=\"color: #339966;\">Etapa 1:<\/span><\/h4>\n<ol>\n<li>\n<h4><a href=\"http:\/\/simaeducativa.mec.gob.ar\/modulo\/interinatoysuplencia\/?sanluis\">Inscripci\u00f3n online por SIMA<\/a>. <strong>Desde el 01 al 31\/05\/2023<\/strong>. Tutorial:&nbsp;&nbsp;<a href=\"https:\/\/ifdmmg-crr.infd.edu.ar\/sitio\/wp-content\/uploads\/2020\/09\/Generaci\u00f3n-de-Ficha-Inscripci\u00f3n-Intineratos-y-suplencias.pdf\">Generaci\u00f3n de Ficha Inscripci\u00f3n &#8211; Intineratos y suplencias<\/a><\/h4>\n<\/li>\n<li>\n<h4>Env\u00edo de documentaci\u00f3n digitalizada al correo <a href=\"mailto:ifdmmglegajos@gmail.com\">ifdmmglegajos@gmail.com&nbsp;<\/a>(enviar toda la documentaci\u00f3n en un solo archivo pdf).&nbsp;Pueden usar CamScanner, en este&nbsp;<a href=\"https:\/\/youtu.be\/sJekjwBTbrc\">tutorial<\/a>&nbsp;se muestra c\u00f3mo bajarlo al celular y un uso b\u00e1sico de la aplicaci\u00f3n.<\/h4>\n<\/li>\n<\/ol>\n<h4><span style=\"color: #339966;\">Etapa 2:<\/span><\/h4>\n<h4 style=\"padding-left: 30px;\"><strong>Presentaci\u00f3n de documentaci\u00f3n en la sede del Instituto de lunes a viernes de 18:00 a 20:00 hs<\/strong> <strong>hasta el 30\/05\/2023<\/strong>.<\/h4>\n<h4 style=\"padding-left: 30px;\">Este \u00faltimo paso completa el proceso de inscripci\u00f3n, y se le otorgar\u00e1 la copia de la ficha con firma y sello de recepci\u00f3n como comprobante.<\/h4>\n","protected":false},"excerpt":{"rendered":"<p>Inscripci\u00f3n Ordinaria a Interinatos y Suplencias 2024 Etapa 1: Inscripci\u00f3n online por SIMA. Desde el 01 al 31\/05\/2023. Tutorial:&nbsp;&nbsp;Generaci\u00f3n de Ficha Inscripci\u00f3n &#8211; Intineratos y suplencias Env\u00edo de documentaci\u00f3n digitalizada al correo ifdmmglegajos@gmail.com&nbsp;(enviar toda la documentaci\u00f3n en un solo archivo pdf).&nbsp;Pueden usar CamScanner, en este&nbsp;tutorial&nbsp;se muestra c\u00f3mo bajarlo al celular y un uso b\u00e1sico de &#8230; <a title=\"Interinatos y Suplencias\" class=\"read-more\" href=\"https:\/\/ifdmmg-crr.infd.edu.ar\/sitio\/1257-2\/\" aria-label=\"More on Interinatos y Suplencias\">[+]<\/a><\/p>\n","protected":false},"author":234,"featured_media":0,"parent":0,"menu_order":0,"comment_status":"closed","ping_status":"closed","template":"","meta":[],"acf":[],"_links":{"self":[{"href":"https:\/\/ifdmmg-crr.infd.edu.ar\/sitio\/wp-json\/wp\/v2\/pages\/1257"}],"collection":[{"href":"https:\/\/ifdmmg-crr.infd.edu.ar\/sitio\/wp-json\/wp\/v2\/pages"}],"about":[{"href":"https:\/\/ifdmmg-crr.infd.edu.ar\/sitio\/wp-json\/wp\/v2\/types\/page"}],"author":[{"embeddable":true,"href":"https:\/\/ifdmmg-crr.infd.edu.ar\/sitio\/wp-json\/wp\/v2\/users\/234"}],"replies":[{"embeddable":true,"href":"https:\/\/ifdmmg-crr.infd.edu.ar\/sitio\/wp-json\/wp\/v2\/comments?post=1257"}],"version-history":[{"count":22,"href":"https:\/\/ifdmmg-crr.infd.edu.ar\/sitio\/wp-json\/wp\/v2\/pages\/1257\/revisions"}],"predecessor-version":[{"id":1936,"href":"https:\/\/ifdmmg-crr.infd.edu.ar\/sitio\/wp-json\/wp\/v2\/pages\/1257\/revisions\/1936"}],"wp:attachment":[{"href":"https:\/\/ifdmmg-crr.infd.edu.ar\/sitio\/wp-json\/wp\/v2\/media?parent=1257"}],"curies":[{"name":"wp","href":"https:\/\/api.w.org\/{rel}","templated":true}]}}