{"id":1023,"date":"2019-03-09T19:57:48","date_gmt":"2019-03-09T22:57:48","guid":{"rendered":"https:\/\/ifdmmg-crr.infd.edu.ar\/sitio\/?page_id=1023"},"modified":"2025-03-28T20:36:12","modified_gmt":"2025-03-28T23:36:12","slug":"profesorado-de-educacion-secundaria-en-biologia-2","status":"publish","type":"page","link":"https:\/\/ifdmmg-crr.infd.edu.ar\/sitio\/profesorado-de-educacion-secundaria-en-biologia-2\/","title":{"rendered":"Padr\u00f3n Definitivo &#8211; Inscripci\u00f3n Ordinaria Inscripci\u00f3n Interinatos y Suplencias 2025"},"content":{"rendered":"\n<div class=\"wp-block-file\"><object class=\"wp-block-file__embed\" data=\"https:\/\/ifdmmg-crr.infd.edu.ar\/sitio\/wp-content\/uploads\/2025\/03\/180177800-PADRON-DEFINITIVO-INSCRIPCION_ORDINARIA_2025.pdf\" type=\"application\/pdf\" style=\"width:100%;height:600px\" aria-label=\"Incrustado de 180177800-PADRON-DEFINITIVO-INSCRIPCION_ORDINARIA_2025.\"><\/object><a id=\"wp-block-file--media-a4855272-abc1-4abb-bbb8-e05c4be46fc1\" href=\"https:\/\/ifdmmg-crr.infd.edu.ar\/sitio\/wp-content\/uploads\/2025\/03\/180177800-PADRON-DEFINITIVO-INSCRIPCION_ORDINARIA_2025.pdf\">180177800-PADRON-DEFINITIVO-INSCRIPCION_ORDINARIA_2025<\/a><a href=\"https:\/\/ifdmmg-crr.infd.edu.ar\/sitio\/wp-content\/uploads\/2025\/03\/180177800-PADRON-DEFINITIVO-INSCRIPCION_ORDINARIA_2025.pdf\" class=\"wp-block-file__button wp-element-button\" download aria-describedby=\"wp-block-file--media-a4855272-abc1-4abb-bbb8-e05c4be46fc1\">Descarga<\/a><\/div>\n","protected":false},"excerpt":{"rendered":"","protected":false},"author":234,"featured_media":0,"parent":0,"menu_order":0,"comment_status":"closed","ping_status":"closed","template":"","meta":[],"acf":[],"_links":{"self":[{"href":"https:\/\/ifdmmg-crr.infd.edu.ar\/sitio\/wp-json\/wp\/v2\/pages\/1023"}],"collection":[{"href":"https:\/\/ifdmmg-crr.infd.edu.ar\/sitio\/wp-json\/wp\/v2\/pages"}],"about":[{"href":"https:\/\/ifdmmg-crr.infd.edu.ar\/sitio\/wp-json\/wp\/v2\/types\/page"}],"author":[{"embeddable":true,"href":"https:\/\/ifdmmg-crr.infd.edu.ar\/sitio\/wp-json\/wp\/v2\/users\/234"}],"replies":[{"embeddable":true,"href":"https:\/\/ifdmmg-crr.infd.edu.ar\/sitio\/wp-json\/wp\/v2\/comments?post=1023"}],"version-history":[{"count":8,"href":"https:\/\/ifdmmg-crr.infd.edu.ar\/sitio\/wp-json\/wp\/v2\/pages\/1023\/revisions"}],"predecessor-version":[{"id":2042,"href":"https:\/\/ifdmmg-crr.infd.edu.ar\/sitio\/wp-json\/wp\/v2\/pages\/1023\/revisions\/2042"}],"wp:attachment":[{"href":"https:\/\/ifdmmg-crr.infd.edu.ar\/sitio\/wp-json\/wp\/v2\/media?parent=1023"}],"curies":[{"name":"wp","href":"https:\/\/api.w.org\/{rel}","templated":true}]}}